{"id":591,"date":"2024-04-26T18:18:08","date_gmt":"2024-04-26T16:18:08","guid":{"rendered":"https:\/\/www.revista-insaiguaviva.org\/curs2023-2024\/?page_id=591"},"modified":"2024-04-26T18:18:08","modified_gmt":"2024-04-26T16:18:08","slug":"amistad-2n-eso-b","status":"publish","type":"page","link":"https:\/\/www.revista-insaiguaviva.org\/curs2023-2024\/amistad-2n-eso-b\/","title":{"rendered":"Amistad &#8211; 2n ESO B"},"content":{"rendered":"\n<p><\/p>\n\n\n\n<p>Valiosa esta conexi\u00f3n<\/p>\n\n\n\n<p>de un hola a un siempre.<\/p>\n\n\n\n<p>Real como la familia,<\/p>\n\n\n\n<p>es fuerte e irrompible,<\/p>\n\n\n\n<p>es dura como una piedra,<\/p>\n\n\n\n<p>eterna y mucho m\u00e1s<\/p>\n\n\n\n<p>no se ve pero se siente,<\/p>\n\n\n\n<p>en el coraz\u00f3n est\u00e1.<\/p>\n\n\n\n<p>Somos dos desconocidos<\/p>\n\n\n\n<p>se trata de confianza<\/p>\n\n\n\n<p>un abrazo, compa\u00f1\u00eda,<\/p>\n\n\n\n<p>el respeto s\u00ed importa.<\/p>\n\n\n\n<p>En la vida fiel compa\u00f1\u00eda,<\/p>\n\n\n\n<p>solo aprende a confiar<\/p>\n\n\n\n<p>no todo siempre es bonito<\/p>\n\n\n\n<p>los buenos siempre se quedan,<\/p>\n\n\n\n<p>los hip\u00f3critas se van.<\/p>\n\n\n\n<p>Te refuerzan en silencio<\/p>\n\n\n\n<p>est\u00e1n siempre en lo malo,<\/p>\n\n\n\n<p>te guardan los secretos<\/p>\n\n\n\n<p>para siempre estar\u00e1.<\/p>\n","protected":false},"excerpt":{"rendered":"<p>Valiosa esta conexi\u00f3n de un hola a un siempre. Real como la familia, es fuerte e irrompible, es dura como una piedra, eterna y mucho m\u00e1s no se ve pero se siente, en el coraz\u00f3n est\u00e1. Somos dos desconocidos se trata de confianza un abrazo, compa\u00f1\u00eda, el respeto s\u00ed importa. En la vida fiel compa\u00f1\u00eda, &hellip; <\/p>\n<p class=\"link-more\"><a href=\"https:\/\/www.revista-insaiguaviva.org\/curs2023-2024\/amistad-2n-eso-b\/\" class=\"more-link\">Continua llegint <span class=\"screen-reader-text\">\u00abAmistad &#8211; 2n ESO B\u00bb<\/span><\/a><\/p>\n","protected":false},"author":2,"featured_media":0,"parent":0,"menu_order":0,"comment_status":"closed","ping_status":"closed","template":"","meta":{"footnotes":""},"class_list":["post-591","page","type-page","status-publish","hentry"],"_links":{"self":[{"href":"https:\/\/www.revista-insaiguaviva.org\/curs2023-2024\/wp-json\/wp\/v2\/pages\/591","targetHints":{"allow":["GET"]}}],"collection":[{"href":"https:\/\/www.revista-insaiguaviva.org\/curs2023-2024\/wp-json\/wp\/v2\/pages"}],"about":[{"href":"https:\/\/www.revista-insaiguaviva.org\/curs2023-2024\/wp-json\/wp\/v2\/types\/page"}],"author":[{"embeddable":true,"href":"https:\/\/www.revista-insaiguaviva.org\/curs2023-2024\/wp-json\/wp\/v2\/users\/2"}],"replies":[{"embeddable":true,"href":"https:\/\/www.revista-insaiguaviva.org\/curs2023-2024\/wp-json\/wp\/v2\/comments?post=591"}],"version-history":[{"count":1,"href":"https:\/\/www.revista-insaiguaviva.org\/curs2023-2024\/wp-json\/wp\/v2\/pages\/591\/revisions"}],"predecessor-version":[{"id":592,"href":"https:\/\/www.revista-insaiguaviva.org\/curs2023-2024\/wp-json\/wp\/v2\/pages\/591\/revisions\/592"}],"wp:attachment":[{"href":"https:\/\/www.revista-insaiguaviva.org\/curs2023-2024\/wp-json\/wp\/v2\/media?parent=591"}],"curies":[{"name":"wp","href":"https:\/\/api.w.org\/{rel}","templated":true}]}}