{"id":632,"date":"2024-04-27T19:02:20","date_gmt":"2024-04-27T17:02:20","guid":{"rendered":"https:\/\/www.revista-insaiguaviva.org\/curs2023-2024\/?page_id=632"},"modified":"2024-04-27T19:03:18","modified_gmt":"2024-04-27T17:03:18","slug":"concurs-dibuix-sant-jordi-2024","status":"publish","type":"page","link":"https:\/\/www.revista-insaiguaviva.org\/curs2023-2024\/concurs-dibuix-sant-jordi-2024\/","title":{"rendered":"CONCURS DIBUIX SANT JORDI 2024"},"content":{"rendered":"\n<p>En l\u2019edici\u00f3 del CONCURS DE DIBUIX SANT JORDI 2024, el jurat ha valorat i premiat una diversitat d\u2019aspectes que afecten l\u2019efic\u00e0cia comunicativa i funcional de les imatges i expressions art\u00edstiques, com ara:<\/p>\n\n\n\n<p>\u25cf Originalitat de la proposta (creativitat).<\/p>\n\n\n\n<p>\u25cf For\u00e7a narrativa i capacitat suggerent de les imatges<\/p>\n\n\n\n<p>\u25cf Dinamisme i equilibri de la composici\u00f3<\/p>\n\n\n\n<p>\u25cf For\u00e7a simb\u00f2lica de la imatge<\/p>\n\n\n\n<p>\u25cf Esfor\u00e7 en l\u2019aplicaci\u00f3 t\u00e8cnica del recursos gr\u00e0fics\/ art\u00edstics<\/p>\n\n\n\n<p>\u25cf Impacte crom\u00e0tic<\/p>\n\n\n\n<p>\u25cf Joc de profunditat espaial i relaci\u00f3 de proporcions entre els elements.<\/p>\n","protected":false},"excerpt":{"rendered":"<p>En l\u2019edici\u00f3 del CONCURS DE DIBUIX SANT JORDI 2024, el jurat ha valorat i premiat una diversitat d\u2019aspectes que afecten l\u2019efic\u00e0cia comunicativa i funcional de les imatges i expressions art\u00edstiques, com ara: \u25cf Originalitat de la proposta (creativitat). \u25cf For\u00e7a narrativa i capacitat suggerent de les imatges \u25cf Dinamisme i equilibri de la composici\u00f3 \u25cf &hellip; <\/p>\n<p class=\"link-more\"><a href=\"https:\/\/www.revista-insaiguaviva.org\/curs2023-2024\/concurs-dibuix-sant-jordi-2024\/\" class=\"more-link\">Continua llegint <span class=\"screen-reader-text\">\u00abCONCURS DIBUIX SANT JORDI 2024\u00bb<\/span><\/a><\/p>\n","protected":false},"author":2,"featured_media":0,"parent":0,"menu_order":0,"comment_status":"closed","ping_status":"closed","template":"","meta":{"footnotes":""},"class_list":["post-632","page","type-page","status-publish","hentry"],"_links":{"self":[{"href":"https:\/\/www.revista-insaiguaviva.org\/curs2023-2024\/wp-json\/wp\/v2\/pages\/632","targetHints":{"allow":["GET"]}}],"collection":[{"href":"https:\/\/www.revista-insaiguaviva.org\/curs2023-2024\/wp-json\/wp\/v2\/pages"}],"about":[{"href":"https:\/\/www.revista-insaiguaviva.org\/curs2023-2024\/wp-json\/wp\/v2\/types\/page"}],"author":[{"embeddable":true,"href":"https:\/\/www.revista-insaiguaviva.org\/curs2023-2024\/wp-json\/wp\/v2\/users\/2"}],"replies":[{"embeddable":true,"href":"https:\/\/www.revista-insaiguaviva.org\/curs2023-2024\/wp-json\/wp\/v2\/comments?post=632"}],"version-history":[{"count":4,"href":"https:\/\/www.revista-insaiguaviva.org\/curs2023-2024\/wp-json\/wp\/v2\/pages\/632\/revisions"}],"predecessor-version":[{"id":636,"href":"https:\/\/www.revista-insaiguaviva.org\/curs2023-2024\/wp-json\/wp\/v2\/pages\/632\/revisions\/636"}],"wp:attachment":[{"href":"https:\/\/www.revista-insaiguaviva.org\/curs2023-2024\/wp-json\/wp\/v2\/media?parent=632"}],"curies":[{"name":"wp","href":"https:\/\/api.w.org\/{rel}","templated":true}]}}